{"id":1175,"date":"2018-07-24T10:16:27","date_gmt":"2018-07-24T08:16:27","guid":{"rendered":"https:\/\/ums-autonomie.fr\/?page_id=1175"},"modified":"2024-08-26T09:39:36","modified_gmt":"2024-08-26T07:39:36","slug":"legals","status":"publish","type":"page","link":"https:\/\/ums-autonomie.fr\/en\/legals\/","title":{"rendered":"Legals"},"content":{"rendered":"<p>[et_pb_section fb_built=&#8221;1&#8243; _builder_version=&#8221;4.16&#8243; global_colors_info=&#8221;{}&#8221; theme_builder_area=&#8221;post_content&#8221;][et_pb_row _builder_version=&#8221;4.24.0&#8243; background_size=&#8221;initial&#8221; background_position=&#8221;top_left&#8221; background_repeat=&#8221;repeat&#8221; animation_style=&#8221;slide&#8221; animation_direction=&#8221;left&#8221; global_colors_info=&#8221;{}&#8221; theme_builder_area=&#8221;post_content&#8221;][et_pb_column type=&#8221;4_4&#8243; _builder_version=&#8221;4.16&#8243; custom_padding=&#8221;|||&#8221; global_colors_info=&#8221;{}&#8221; custom_padding__hover=&#8221;|||&#8221; theme_builder_area=&#8221;post_content&#8221;][et_pb_post_title meta=&#8221;off&#8221; featured_image=&#8221;off&#8221; _builder_version=&#8221;4.24.0&#8243; _module_preset=&#8221;default&#8221; global_colors_info=&#8221;{}&#8221; theme_builder_area=&#8221;post_content&#8221;][\/et_pb_post_title][\/et_pb_column][\/et_pb_row][et_pb_row _builder_version=&#8221;4.24.0&#8243; _module_preset=&#8221;default&#8221; animation_style=&#8221;slide&#8221; animation_direction=&#8221;bottom&#8221; global_colors_info=&#8221;{}&#8221; theme_builder_area=&#8221;post_content&#8221;][et_pb_column type=&#8221;4_4&#8243; _builder_version=&#8221;4.24.0&#8243; _module_preset=&#8221;default&#8221; global_colors_info=&#8221;{}&#8221; theme_builder_area=&#8221;post_content&#8221;][et_pb_text _builder_version=&#8221;4.27.0&#8243; background_size=&#8221;initial&#8221; background_position=&#8221;top_left&#8221; background_repeat=&#8221;repeat&#8221; hover_enabled=&#8221;0&#8243; global_colors_info=&#8221;{}&#8221; theme_builder_area=&#8221;post_content&#8221; sticky_enabled=&#8221;0&#8243;]<\/p>\n<p><strong>Owner :<\/strong> UMS-Autonomie \u2013 \u00a091, boulevard de l&#8217;H\u00f4pital 75013 PARIS<br \/><strong>Publishing director :<\/strong> Nathalie DRACH-TEMAM &#8211; Sorbonne Universit\u00e9 President<br \/><strong>Hosted by : <\/strong>GANDI SAS\u2013 63-65 Boulevard Mass\u00e9na &#8211; 75013 Paris<\/p>\n<h3>PERSONAL DATA PROCESSING<\/h3>\n<p>In accordance with the French Data Protection Act no. 78-17 of January 6, 1978, amended on August 6, 2004, you have the right to object to the use of your personal data (art. 26 of the Act), the right of access (art. 34 to 38 of the Act) and the right of rectification (art. 36 of the Act). This right may be exercised by sending an e-mail to: christine.boutet(@)sorbonne-universite.fr<\/p>\n<h3>TERMS OF USE<\/h3>\n<p>Users of the site are required to comply with the provisions of the law on data processing, data files and individual liberties, the violation of which is punishable by law. In particular, they must refrain from collecting or misusing any personal information to which they have access, and in general, from any act likely to infringe the privacy or reputation of individuals.<\/p>\n<h3>TRACEABILITY<\/h3>\n<p>Users are informed that when they visit the site, a cookie may be automatically installed in their browser. A cookie is a block of data that does not allow users to be identified, but is used to record information for statistical purposes.<\/p>\n<h4>Embedded content from other sites<\/h4>\n<p>Articles on this site may include embedded content (e.g. videos, images, articles, etc.). Embedded content from other sites behaves in the same way as if the visitor were visiting that other site.<br \/>These websites may collect data about you, use cookies, embed third-party tracking tools, track your interactions with such embedded content if you have a logged-in account on their website.<\/p>\n<p>This website uses Google Analytics<\/p>\n<h3>COPYRIGHT AND REPRODUCTION RIGHTS<\/h3>\n<p>This website is the exclusive property of Sorbonne Universit\u00e9. It is governed by French and international legislation on copyright and intellectual property.<br \/>Reproduction of all or part of this site on an electronic medium is authorized for private use, provided that the source is indicated and that &#8220;All rights reserved&#8221; is mentioned.<br \/>Sorbonne Universit\u00e9 authorizes the creation of hypertext links to pages on the site, provided that selecting these links opens a page or tab in the browser.<\/p>\n<h3>LIMIT OF LIABILITY<\/h3>\n<p>Sorbonne Universit\u00e9 cannot be held liable in any way for the content of the information on this site or for the consequences that may result from its use or interpretation.<br \/>Any errors, out-of-date information or inaccessible pages may be reported to :<br \/>christine.boutet(@)sorbonne-universite.fr<\/p>\n<h3>CREDITS<\/h3>\n<p>Photos\u00a0\u00a9 Sorbonne Universit\u00e9<\/p>\n<p>[\/et_pb_text][\/et_pb_column][\/et_pb_row][\/et_pb_section]<\/p>\n","protected":false},"excerpt":{"rendered":"<p>Owner : UMS-Autonomie \u2013 \u00a091, boulevard de l&#8217;H\u00f4pital 75013 PARISPublishing director : Nathalie DRACH-TEMAM &#8211; Sorbonne Universit\u00e9 PresidentHosted by : GANDI SAS\u2013 63-65 Boulevard Mass\u00e9na &#8211; 75013 Paris PERSONAL DATA PROCESSING In accordance with the French Data Protection Act no. 78-17 of January 6, 1978, amended on August 6, 2004, you have the right to [&hellip;]<\/p>\n","protected":false},"author":8,"featured_media":0,"parent":0,"menu_order":0,"comment_status":"closed","ping_status":"closed","template":"","meta":{"_et_pb_use_builder":"on","_et_pb_old_content":"<p>[et_pb_section fb_built=\"1\" _builder_version=\"4.16\" global_colors_info=\"{}\"][et_pb_row _builder_version=\"4.24.0\" background_size=\"initial\" background_position=\"top_left\" background_repeat=\"repeat\" hover_enabled=\"0\" global_colors_info=\"{}\" animation_style=\"slide\" animation_direction=\"left\" sticky_enabled=\"0\"][et_pb_column type=\"4_4\" _builder_version=\"4.16\" custom_padding=\"|||\" global_colors_info=\"{}\" custom_padding__hover=\"|||\"][et_pb_post_title _builder_version=\"4.24.0\" _module_preset=\"default\" meta=\"off\" featured_image=\"off\" hover_enabled=\"0\" sticky_enabled=\"0\"][\/et_pb_post_title][\/et_pb_column][\/et_pb_row][et_pb_row _builder_version=\"4.24.0\" _module_preset=\"default\" animation_style=\"slide\" animation_direction=\"bottom\" hover_enabled=\"0\" sticky_enabled=\"0\"][et_pb_column _builder_version=\"4.24.0\" _module_preset=\"default\" type=\"4_4\"][et_pb_text _builder_version=\"4.24.0\" background_size=\"initial\" background_position=\"top_left\" background_repeat=\"repeat\" hover_enabled=\"0\" global_colors_info=\"{}\" sticky_enabled=\"0\"]<\/p><p><strong>Propri\u00e9taire :<\/strong> AUTONOMIA \u2013 \u00a091, boulevard de l'H\u00f4pital 75013 PARIS<br \/><strong>Directeur de la publication :<\/strong> Nathalie DRACH-TEMAM - Pr\u00e9sidente de Sorbonne Universit\u00e9<br \/><strong>H\u00e9bergeur : <\/strong>GANDI SAS\u2013 63-65 Boulevard Mass\u00e9na - 75013 Paris<\/p><h3>TRAITEMENT DES DONN\u00c9ES \u00c0 CARACT\u00c8RE PERSONNEL<\/h3><p>Conform\u00e9ment \u00e0 la loi n\u00ba 78-17 du 6 janvier 1978 , modifi\u00e9e le 6 ao\u00fbt 2004 relative \u00e0 l\u2019informatique, aux fichiers et aux libert\u00e9s, vous disposez des droits d\u2019opposition des donn\u00e9es vous concernant (art. 26 de la loi), d\u2019acc\u00e8s (art. 34 \u00e0 38 de la loi) et de rectification (art. 36 de la loi).Ce droit peut \u00eatre exerc\u00e9 par courriel \u00e0 l\u2019adresse : christine.boutet(@)sorbonne-universite.fr<\/p><h3>CONDITIONS D\u2019UTILISATION<\/h3><p>Les utilisateurs du site sont tenus de respecter les dispositions de la loi relative \u00e0 l\u2019informatique, aux fichiers et aux libert\u00e9s, dont la violation est passible de sanctions p\u00e9nales. Ils doivent notamment s\u2019abstenir, s\u2019agissant d\u2019informations nominatives auxquelles ils acc\u00e8dent, de toute collecte, de toute utilisation d\u00e9tourn\u00e9e et d\u2019une mani\u00e8re g\u00e9n\u00e9rale, de tout acte susceptible de porter atteinte \u00e0 la vie priv\u00e9e ou \u00e0 la r\u00e9putation des personnes.<\/p><h3>TRA\u00c7ABILIT\u00c9<\/h3><p>L\u2019utilisateur est inform\u00e9 que, lors de ses visites sur le site, un cookie peut s\u2019installer automatiquement dans son navigateur. Le cookie est un bloc de donn\u00e9es qui ne permet pas d\u2019identifier les utilisateurs mais sert \u00e0 enregistrer des informations \u00e0 des fins statistiques.<\/p><h4>Contenu embarqu\u00e9 depuis d\u2019autres sites<\/h4><p>Les articles de ce site peuvent inclure des contenus int\u00e9gr\u00e9s (par exemple des vid\u00e9os, images, articles\u2026). Le contenu int\u00e9gr\u00e9 depuis d\u2019autres sites se comporte de la m\u00eame mani\u00e8re que si le visiteur se rendait sur cet autre site.<br \/>Ces sites web pourraient collecter des donn\u00e9es sur vous, utiliser des cookies, embarquer des outils de suivis tiers, suivre vos interactions avec ces contenus embarqu\u00e9s si vous disposez d\u2019un compte connect\u00e9 sur leur site web.<\/p><p>Ce site utilise Google Analytics<\/p><h3>DROIT D\u2019AUTEUR ET DE REPRODUCTION<\/h3><p>Ce site est la propri\u00e9t\u00e9 exclusive de Sorbonne Universit\u00e9. Il rel\u00e8ve de la l\u00e9gislation fran\u00e7aise et internationale sur le droit d\u2019auteur et la propri\u00e9t\u00e9 intellectuelle.<br \/>La reproduction de tout ou partie de ce site sur un support \u00e9lectronique est autoris\u00e9e pour un usage priv\u00e9 sous r\u00e9serve d\u2019en indiquer la source et en mentionnant \u201cDroits r\u00e9serv\u00e9s\u201d.<br \/>Sorbonne Universit\u00e9 autorise la mise en place de liens hypertextes renvoyant vers des pages du site, sous r\u00e9serve que la s\u00e9lection de ces liens provoque l\u2019ouverture d\u2019une page ou d\u2019un onglet du navigateur.<\/p><h3>LIMITE DE RESPONSABILIT\u00c9<\/h3><p>La responsabilit\u00e9 de Sorbonne Universit\u00e9 ne peut, en aucune mani\u00e8re, \u00eatre engag\u00e9e quant au contenu des informations figurant sur ce site ou aux cons\u00e9quences pouvant r\u00e9sulter de leur utilisation ou interpr\u00e9tation.<br \/>Toute erreur, information obsol\u00e8te, page inaccessible peuvent \u00eatre signal\u00e9s \u00e0 :<br \/>christine.boutet(@)sorbonne-universite.fr<\/p><h3>CR\u00c9DITS<\/h3><p>Photos\u00a0\u00a9 Sorbonne Universit\u00e9<\/p><p>[\/et_pb_text][\/et_pb_column][\/et_pb_row][\/et_pb_section]<\/p>","_et_gb_content_width":"","footnotes":""},"class_list":["post-1175","page","type-page","status-publish","hentry"],"_links":{"self":[{"href":"https:\/\/ums-autonomie.fr\/en\/wp-json\/wp\/v2\/pages\/1175","targetHints":{"allow":["GET"]}}],"collection":[{"href":"https:\/\/ums-autonomie.fr\/en\/wp-json\/wp\/v2\/pages"}],"about":[{"href":"https:\/\/ums-autonomie.fr\/en\/wp-json\/wp\/v2\/types\/page"}],"author":[{"embeddable":true,"href":"https:\/\/ums-autonomie.fr\/en\/wp-json\/wp\/v2\/users\/8"}],"replies":[{"embeddable":true,"href":"https:\/\/ums-autonomie.fr\/en\/wp-json\/wp\/v2\/comments?post=1175"}],"version-history":[{"count":0,"href":"https:\/\/ums-autonomie.fr\/en\/wp-json\/wp\/v2\/pages\/1175\/revisions"}],"wp:attachment":[{"href":"https:\/\/ums-autonomie.fr\/en\/wp-json\/wp\/v2\/media?parent=1175"}],"curies":[{"name":"wp","href":"https:\/\/api.w.org\/{rel}","templated":true}]}}